{"id":59,"date":"2012-11-27T01:08:06","date_gmt":"2012-11-26T23:08:06","guid":{"rendered":"http:\/\/vrlab.reutlingen-university.de\/?page_id=59"},"modified":"2020-12-08T13:25:49","modified_gmt":"2020-12-08T12:25:49","slug":"impressum","status":"publish","type":"page","link":"https:\/\/vrlab.reutlingen-university.de\/web\/de\/impressum","title":{"rendered":"Impressum"},"content":{"rendered":"<p><strong>Anbieterkennzeichnung<\/strong><br \/>\n&nbsp;<br \/>\nAnbieter und somit verantwortlich f\u00fcr dieses Onlineangebot ist die Hochschule Reutlingen,<br \/>\nvertreten durch Prof. Dr. Hendrik Brumme, Pr\u00e4sident.<\/p>\n<p>Dieses Onlineangebot ist ein Informationsangebot der<\/p>\n<p>Hochschule Reutlingen \/ Reutlingen University<br \/>\nAlteburgstra\u00dfe 150<br \/>\n72762 Reutlingen<br \/>\nDeutschland \/ Germany<br \/>\n&nbsp;<br \/>\nE-Mail: <a href=\"mailto:info@reutlingen-university.de\">info@reutlingen-university.de<\/a><br \/>\nWeb: <a href=\"http:\/\/www.reutlingen-university.de\">www.reutlingen-university.de<\/a><br \/>\n&nbsp;<br \/>\nTelefon: &nbsp; +49 7121 271-0<br \/>\nTelefax: &nbsp; +49 7121 271-1101<br \/>\n&nbsp;<br \/>\nSitz der Hochschule Reutlingen: 72762 Reutlingen<br \/>\nZust\u00e4ndiges Amtsgericht: Reutlingen<br \/>\nRechtsform: K\u00f6rperschaft des \u00f6ffentlichen Rechts (Kd\u00f6R)<br \/>\n&nbsp;<br \/>\nAnwendbares Recht: Recht der Bundesrepublik Deutschland (BRD)<br \/>\n&nbsp;<br \/>\nFinanzamt Reutlingen<br \/>\nUmsatzsteuer-Identifikationsnummer: DE 811 323 197<br \/>\n&nbsp;<br \/>\nVertretungsberechtigt: Prof. Dr. Hendrik Brumme, Pr\u00e4sident<br \/>\n&nbsp;<br \/>\n<strong>Zust\u00e4ndige Aufsichtsbeh\u00f6rde<\/strong><br \/>\n&nbsp;<br \/>\nMinisterium f\u00fcr Wissenschaft, Forschung und Kunst<br \/>\nBaden-W\u00fcrttemberg (MWK)<br \/>\nK\u00f6nigstra\u00dfe 46<br \/>\n70173 Stuttgart<br \/>\nTelefon: &nbsp; +49 711 270-0<br \/>\nTelefax: &nbsp; +49 711 279-3080<br \/>\nE-Mail:&nbsp;&nbsp;&nbsp;&nbsp; <a href=\"mailto:poststelle@mwk.bwl.de\">poststelle@mwk.bwl.de<\/a><br \/>\nWeb:&nbsp;&nbsp;&nbsp;&nbsp;&nbsp;&nbsp; www.mwk.baden-wuerttemberg.de<br \/>\n&nbsp;<br \/>\n<strong>Zust\u00e4ndige Aufsichtsbeh\u00f6rde f\u00fcr Datenschutz<\/strong><br \/>\n&nbsp;<br \/>\nDer Landesbeauftragte f\u00fcr den Datenschutz und die Informationsfreiheit<br \/>\nK\u00f6nigstra\u00dfe 10 a<br \/>\n70173 Stuttgart<br \/>\nTel.: &nbsp;&nbsp;&nbsp;&nbsp;&nbsp;&nbsp; 0711\/615541-0<br \/>\nFAX: &nbsp;&nbsp;&nbsp;&nbsp;&nbsp;&nbsp; 0711\/615541-15<br \/>\nE-Mail: &nbsp;&nbsp;&nbsp; <a href=\"mailto:poststelle@lfdi.bwl.de\">poststelle@lfdi.bwl.de<\/a><br \/>\n<strong>&nbsp;<\/strong><br \/>\n<strong>Informationen zur Online-Streitbeilegung gem\u00e4\u00df Art. 14 Abs. 1 ODR-VO:<\/strong><\/p>\n<p>Die EU-Kommission stellt eine Plattform zur Online-Streitbeilegung (OS) bereit, die Sie unter <a href=\"https:\/\/ec.europa.eu\/consumers\/odr\">https:\/\/ec.europa.eu\/consumers\/odr<\/a> finden. Die OS-Plattform dient als Anlaufstelle zur au\u00dfergerichtlichen Beilegung von Streitigkeiten betreffend vertraglicher Verpflichtungen.<br \/>\n&nbsp;<br \/>\nWir sind zur Teilnahme an einem Streitbeilegungsverfahren vor einer Verbraucherschlichtungsstelle weder verpflichtet noch bereit.<br \/>\n<strong>&nbsp;<\/strong><br \/>\n<strong>&nbsp;<\/strong><br \/>\n<strong>Verantwortlicher f\u00fcr journalistisch redaktionelle Beitr\u00e4ge gem\u00e4\u00df \u00a7 55 Absatz 2 Staatsvertrag f\u00fcr Rundfunk und Telemedien (RStV):<\/strong><\/p>\n<p>Prof. Dr-Ing. Crist\u00f3bal Curio <a href=\"mailto:Cristobal.Curio@Reutlingen-University.de\">Cristobal.Curio@Reutlingen-University.de<\/a><br \/>\nProf. Dr. Uwe Kloos <a href=\"mailto:Uwe.Kloos@Reutlingen-University.de\">Uwe.Kloos@Reutlingen-University.de<\/a><br \/>\nProf. Dr. Gabriela Tullius <a href=\"mailto:Gabriela.Tullius@Reutlingen-University.de\">Gabriela.Tullius@Reutlingen-University.de<\/a><\/p>\n<p>Hochschule Reutlingen, Fakult\u00e4t Informatik, Alteburgstra\u00dfe 150, 72762 Reutlingen, Deutschland\/Germany<br \/>\n&nbsp;<br \/>\n<strong>Externer Datenschutzbeauftragter gem\u00e4\u00df Art. 37 DSGVO:<\/strong><\/p>\n<p>Maximilian Musch, Deutsche Datenschutzkanzlei<br \/>\nE-Mail: <a href=\"mailto:maximilian.musch@reutlingen-university.de\">maximilian.musch@reutlingen-university.de<\/a><br \/>\nWeb: <a href=\"http:\/\/www.deutsche-datenschutzkanzlei.de\">www.deutsche-datenschutzkanzlei.de<\/a><br \/>\n<strong>&nbsp;<\/strong><br \/>\n<strong>Technische Betreuung dieses Onlineangebotes:<\/strong><\/p>\n<p>Wolfgang Honigberger, Leiter Rechen- und Medienzentrum, E-Mail: <a href=\"mailto:RMZ@reutlingen-University.de\">RMZ@reutlingen-University.de<\/a><\/p>\n<p>Hochschule Reutlingen, Alteburgstra\u00dfe 150, 72762 Reutlingen, Deutschland\/Germany<br \/>\n&nbsp;<br \/>\n<strong>Konzeption dieses Onlineangebotes:<\/strong><\/p>\n<p>Studierende des Virtual Reality Labor der Hochschule Reutlingen.<br \/>\n&nbsp;<br \/>\n<strong>Haftung<\/strong><\/p>\n<p>Die Hochschule Reutlingen kann dieses Onlineangebot nach eigenem Ermessen und ohne \u00dcbernahme einer Haftung jederzeit ohne Ank\u00fcndigung ganz oder teilweise ver\u00e4ndern und dessen Betrieb einstellen. Durch das Setzen eines Links zu fremden Onlineangeboten (&#8222;Hyperlinks&#8220;) macht sich die Hochschule Reutlingen weder dieses Onlineangebot noch dessen Inhalte zu Eigen. Ferner ist die Hochschule Reutlingen nicht verantwortlich f\u00fcr die Verf\u00fcgbarkeit dieser Onlineangebote oder ihrer Inhalte.<br \/>\n<strong>&nbsp;<\/strong><br \/>\n<strong>\u00a9 Copyright<\/strong><br \/>\nAlle Rechte vorbehalten. Text, Bilder und Grafiken sowie deren Anordnung im Onlineangebot unterliegen dem Schutz des Urheberrechts und anderer Schutzgesetze. Der Inhalt dieses Onlineangebots darf nicht zu kommerziellen Zwecken kopiert, verbreitet, ver\u00e4ndert oder Dritten zug\u00e4nglich gemacht werden.<br \/>\n&nbsp;<\/p>","protected":false},"excerpt":{"rendered":"<p>Anbieterkennzeichnung &nbsp; Anbieter und somit verantwortlich f\u00fcr dieses Onlineangebot ist die Hochschule Reutlingen, vertreten durch Prof. Dr. Hendrik Brumme, Pr\u00e4sident. [&hellip;]<\/p>\n","protected":false},"author":1,"featured_media":0,"parent":0,"menu_order":0,"comment_status":"closed","ping_status":"open","template":"","meta":{"site-sidebar-layout":"default","site-content-layout":"","ast-site-content-layout":"default","site-content-style":"default","site-sidebar-style":"default","ast-global-header-display":"","ast-banner-title-visibility":"","ast-main-header-display":"","ast-hfb-above-header-display":"","ast-hfb-below-header-display":"","ast-hfb-mobile-header-display":"","site-post-title":"","ast-breadcrumbs-content":"","ast-featured-img":"","footer-sml-layout":"","ast-disable-related-posts":"","theme-transparent-header-meta":"","adv-header-id-meta":"","stick-header-meta":"","header-above-stick-meta":"","header-main-stick-meta":"","header-below-stick-meta":"","astra-migrate-meta-layouts":"default","ast-page-background-enabled":"default","ast-page-background-meta":{"desktop":{"background-color":"var(--ast-global-color-4)","background-image":"","background-repeat":"repeat","background-position":"center center","background-size":"auto","background-attachment":"scroll","background-type":"","background-media":"","overlay-type":"","overlay-color":"","overlay-opacity":"","overlay-gradient":""},"tablet":{"background-color":"","background-image":"","background-repeat":"repeat","background-position":"center center","background-size":"auto","background-attachment":"scroll","background-type":"","background-media":"","overlay-type":"","overlay-color":"","overlay-opacity":"","overlay-gradient":""},"mobile":{"background-color":"","background-image":"","background-repeat":"repeat","background-position":"center center","background-size":"auto","background-attachment":"scroll","background-type":"","background-media":"","overlay-type":"","overlay-color":"","overlay-opacity":"","overlay-gradient":""}},"ast-content-background-meta":{"desktop":{"background-color":"var(--ast-global-color-5)","background-image":"","background-repeat":"repeat","background-position":"center center","background-size":"auto","background-attachment":"scroll","background-type":"","background-media":"","overlay-type":"","overlay-color":"","overlay-opacity":"","overlay-gradient":""},"tablet":{"background-color":"var(--ast-global-color-5)","background-image":"","background-repeat":"repeat","background-position":"center center","background-size":"auto","background-attachment":"scroll","background-type":"","background-media":"","overlay-type":"","overlay-color":"","overlay-opacity":"","overlay-gradient":""},"mobile":{"background-color":"var(--ast-global-color-5)","background-image":"","background-repeat":"repeat","background-position":"center center","background-size":"auto","background-attachment":"scroll","background-type":"","background-media":"","overlay-type":"","overlay-color":"","overlay-opacity":"","overlay-gradient":""}},"ngg_post_thumbnail":0,"footnotes":""},"class_list":["post-59","page","type-page","status-publish","hentry"],"_links":{"self":[{"href":"https:\/\/vrlab.reutlingen-university.de\/web\/de\/wp-json\/wp\/v2\/pages\/59","targetHints":{"allow":["GET"]}}],"collection":[{"href":"https:\/\/vrlab.reutlingen-university.de\/web\/de\/wp-json\/wp\/v2\/pages"}],"about":[{"href":"https:\/\/vrlab.reutlingen-university.de\/web\/de\/wp-json\/wp\/v2\/types\/page"}],"author":[{"embeddable":true,"href":"https:\/\/vrlab.reutlingen-university.de\/web\/de\/wp-json\/wp\/v2\/users\/1"}],"replies":[{"embeddable":true,"href":"https:\/\/vrlab.reutlingen-university.de\/web\/de\/wp-json\/wp\/v2\/comments?post=59"}],"version-history":[{"count":17,"href":"https:\/\/vrlab.reutlingen-university.de\/web\/de\/wp-json\/wp\/v2\/pages\/59\/revisions"}],"predecessor-version":[{"id":1632,"href":"https:\/\/vrlab.reutlingen-university.de\/web\/de\/wp-json\/wp\/v2\/pages\/59\/revisions\/1632"}],"wp:attachment":[{"href":"https:\/\/vrlab.reutlingen-university.de\/web\/de\/wp-json\/wp\/v2\/media?parent=59"}],"curies":[{"name":"wp","href":"https:\/\/api.w.org\/{rel}","templated":true}]}}