{"id":2,"date":"2012-10-31T14:40:28","date_gmt":"2012-10-31T14:40:28","guid":{"rendered":"http:\/\/vrlab.reutlingen-university.de\/?page_id=2"},"modified":"2026-04-08T10:59:17","modified_gmt":"2026-04-08T09:59:17","slug":"beispiel-seite","status":"publish","type":"page","link":"https:\/\/vrlab.reutlingen-university.de\/web\/de\/","title":{"rendered":"VRLab"},"content":{"rendered":"\t\t<div data-elementor-type=\"wp-page\" data-elementor-id=\"2\" class=\"elementor elementor-2\">\n\t\t\t\t<div class=\"elementor-element elementor-element-ef92f8a e-flex e-con-boxed e-con e-parent\" data-id=\"ef92f8a\" data-element_type=\"container\" data-e-type=\"container\" data-settings=\"{&quot;background_background&quot;:&quot;video&quot;,&quot;background_video_link&quot;:&quot;https:\\\/\\\/www.youtube.com\\\/watch?v=75sAdKPPdZQ&quot;,&quot;background_video_start&quot;:8,&quot;background_video_end&quot;:180,&quot;background_play_on_mobile&quot;:&quot;yes&quot;}\">\n\t\t\t\t\t<div class=\"e-con-inner\">\n\t\t<div class=\"elementor-background-video-container\">\n\t\t\t\t\t\t\t<div class=\"elementor-background-video-embed\" role=\"presentation\"><\/div>\n\t\t\t\t\t\t<\/div>\t\t<div class=\"elementor-element elementor-element-4d0d738 elementor-widget elementor-widget-heading\" data-id=\"4d0d738\" data-element_type=\"widget\" data-e-type=\"widget\" data-widget_type=\"heading.default\">\n\t\t\t\t<div class=\"elementor-widget-container\">\n\t\t\t\t\t<h1 class=\"elementor-heading-title elementor-size-default\">Herzlich Willkommen<\/h1>\t\t\t\t<\/div>\n\t\t\t\t<\/div>\n\t\t\t\t<div class=\"elementor-element elementor-element-2736e59 elementor-widget elementor-widget-image\" data-id=\"2736e59\" data-element_type=\"widget\" data-e-type=\"widget\" data-widget_type=\"image.default\">\n\t\t\t\t<div class=\"elementor-widget-container\">\n\t\t\t\t\t\t\t\t\t\t\t\t\t\t\t<img decoding=\"async\" width=\"150\" height=\"150\" src=\"https:\/\/vrlab.reutlingen-university.de\/web\/wp-content\/uploads\/2024\/08\/cropped-cropped-VRLab_Logo_ohne_hintergrund-e1723372518365-150x150.png\" class=\"attachment-thumbnail size-thumbnail wp-image-1820\" alt=\"\" srcset=\"https:\/\/vrlab.reutlingen-university.de\/web\/wp-content\/uploads\/2024\/08\/cropped-cropped-VRLab_Logo_ohne_hintergrund-e1723372518365-150x150.png 150w, https:\/\/vrlab.reutlingen-university.de\/web\/wp-content\/uploads\/2024\/08\/cropped-cropped-VRLab_Logo_ohne_hintergrund-e1723372518365-300x300.png 300w, https:\/\/vrlab.reutlingen-university.de\/web\/wp-content\/uploads\/2024\/08\/cropped-cropped-VRLab_Logo_ohne_hintergrund-e1723372518365-270x270.png 270w, https:\/\/vrlab.reutlingen-university.de\/web\/wp-content\/uploads\/2024\/08\/cropped-cropped-VRLab_Logo_ohne_hintergrund-e1723372518365-192x192.png 192w, https:\/\/vrlab.reutlingen-university.de\/web\/wp-content\/uploads\/2024\/08\/cropped-cropped-VRLab_Logo_ohne_hintergrund-e1723372518365-180x180.png 180w, https:\/\/vrlab.reutlingen-university.de\/web\/wp-content\/uploads\/2024\/08\/cropped-cropped-VRLab_Logo_ohne_hintergrund-e1723372518365-32x32.png 32w, https:\/\/vrlab.reutlingen-university.de\/web\/wp-content\/uploads\/2024\/08\/cropped-cropped-VRLab_Logo_ohne_hintergrund-e1723372518365.png 512w\" sizes=\"(max-width: 150px) 100vw, 150px\" \/>\t\t\t\t\t\t\t\t\t\t\t\t\t\t\t<\/div>\n\t\t\t\t<\/div>\n\t\t\t\t<div class=\"elementor-element elementor-element-bf03d84 elementor-widget elementor-widget-heading\" data-id=\"bf03d84\" data-element_type=\"widget\" data-e-type=\"widget\" data-widget_type=\"heading.default\">\n\t\t\t\t<div class=\"elementor-widget-container\">\n\t\t\t\t\t<h1 class=\"elementor-heading-title elementor-size-default\">im VR Lab<\/h1>\t\t\t\t<\/div>\n\t\t\t\t<\/div>\n\t\t\t\t\t<\/div>\n\t\t\t\t<\/div>\n\t\t<div class=\"elementor-element elementor-element-a573c1a e-flex e-con-boxed e-con e-parent\" data-id=\"a573c1a\" data-element_type=\"container\" data-e-type=\"container\">\n\t\t\t\t\t<div class=\"e-con-inner\">\n\t\t\t\t<div class=\"elementor-element elementor-element-20d5dc4 elementor-widget elementor-widget-heading\" data-id=\"20d5dc4\" data-element_type=\"widget\" data-e-type=\"widget\" data-widget_type=\"heading.default\">\n\t\t\t\t<div class=\"elementor-widget-container\">\n\t\t\t\t\t<h2 class=\"elementor-heading-title elementor-size-default\">Warum VRlab - was ist AR, MR, VR, XR?<\/h2>\t\t\t\t<\/div>\n\t\t\t\t<\/div>\n\t\t<div class=\"elementor-element elementor-element-923c045 e-grid e-con-full e-con e-child\" data-id=\"923c045\" data-element_type=\"container\" data-e-type=\"container\">\n\t\t<div class=\"elementor-element elementor-element-2b4d4a5 e-con-full e-flex e-con e-child\" data-id=\"2b4d4a5\" data-element_type=\"container\" data-e-type=\"container\">\n\t\t\t\t<div class=\"elementor-element elementor-element-5deb09a elementor-widget elementor-widget-text-editor\" data-id=\"5deb09a\" data-element_type=\"widget\" data-e-type=\"widget\" data-widget_type=\"text-editor.default\">\n\t\t\t\t<div class=\"elementor-widget-container\">\n\t\t\t\t\t\t\t\t\t<p>Das Projekt VRlab des <a href=\"https:\/\/www.inf.reutlingen-university.de\/studium\/master\/human-centered-computing\" target=\"_blank\" rel=\"noopener\">Master-Studiengangs Human-Centered Computing (HUC)<\/a> besch\u00e4ftigt sich mit Fragen der Anwendung virtueller und erweiterter Realit\u00e4ten: Augmented,\u00a0 Mixed und Virtual Reality. Das VRlab wurde vor 20 Jahren mit dem Fokus VR gegr\u00fcndet und im Laufe der Zeit um Technologien im Bereich MR erweitert.<\/p><p>Extended Reality (XR) ist ein Sammelbegriff f\u00fcr immersive Technologien, die physische und virtuelle Welten durch digitale Erweiterungen verschmelzen. AR (Augmented Reality) erweitert die reale Welt durch digitale Elemente, VR\u00a0 (Virtual Reality) sind vollkommen computergenerierte Welten, in die die Nutzer:innen eintauchen. Mixed Reality umfasst AR und VR (<a href=\"https:\/\/scholar.google.com\/scholar?q=Milgram%2C+P.+and+Kishino%2C+F.+A+taxonomy+of+mixed+reality+visual+displays.+IEICE+Trans.+Info.+Syst.+77%2C+12+%281994%29%2C+1321--1329.\" target=\"_blank\" rel=\"noopener\">Milgram 1994<\/a>) als technologiebasiertes Erlebnis, das virtuelle Objekte zeigt, mit denen interagiert werden kann.\u00a0<\/p><p>Im Studiengang <a href=\"https:\/\/www.inf.reutlingen-university.de\/studium\/bachelor\/medien-und-kommunikationsinformatik\" target=\"_blank\" rel=\"noopener\">Medien- und Kommunikationsinformatik<\/a> wurde der Film <em>&#8222;VR Lab &#8211; Das Virtual Reality Labor der Fakult\u00e4t Informatik&#8220;<\/em> produziert, welcher den Aufbau und die Projekte des VRlabs widerspiegelt.<\/p><p>Mehr von uns gibt&#8217;s auf YouTube, Instagram und LinkedIn<\/p><p style=\"text-align: center;\"><strong>Research-driven XR. <\/strong><strong>Applied. <\/strong><strong>Human by design.<\/strong><\/p>\t\t\t\t\t\t\t\t<\/div>\n\t\t\t\t<\/div>\n\t\t<div class=\"elementor-element elementor-element-e434f90 e-con-full e-flex e-con e-child\" data-id=\"e434f90\" data-element_type=\"container\" data-e-type=\"container\">\n\t\t<div class=\"elementor-element elementor-element-94fac83 e-con-full e-flex e-con e-child\" data-id=\"94fac83\" data-element_type=\"container\" data-e-type=\"container\" data-settings=\"{&quot;background_background&quot;:&quot;gradient&quot;}\">\n\t\t\t\t<div class=\"elementor-element elementor-element-9fc9409 elementor-view-default elementor-widget elementor-widget-icon\" data-id=\"9fc9409\" data-element_type=\"widget\" data-e-type=\"widget\" data-widget_type=\"icon.default\">\n\t\t\t\t<div class=\"elementor-widget-container\">\n\t\t\t\t\t\t\t<div class=\"elementor-icon-wrapper\">\n\t\t\t<a class=\"elementor-icon\" href=\"https:\/\/www.instagram.com\/inf.vrlab\/\" target=\"_blank\">\n\t\t\t<svg aria-hidden=\"true\" class=\"e-font-icon-svg e-fab-instagram\" viewBox=\"0 0 448 512\" xmlns=\"http:\/\/www.w3.org\/2000\/svg\"><path d=\"M224.1 141c-63.6 0-114.9 51.3-114.9 114.9s51.3 114.9 114.9 114.9S339 319.5 339 255.9 287.7 141 224.1 141zm0 189.6c-41.1 0-74.7-33.5-74.7-74.7s33.5-74.7 74.7-74.7 74.7 33.5 74.7 74.7-33.6 74.7-74.7 74.7zm146.4-194.3c0 14.9-12 26.8-26.8 26.8-14.9 0-26.8-12-26.8-26.8s12-26.8 26.8-26.8 26.8 12 26.8 26.8zm76.1 27.2c-1.7-35.9-9.9-67.7-36.2-93.9-26.2-26.2-58-34.4-93.9-36.2-37-2.1-147.9-2.1-184.9 0-35.8 1.7-67.6 9.9-93.9 36.1s-34.4 58-36.2 93.9c-2.1 37-2.1 147.9 0 184.9 1.7 35.9 9.9 67.7 36.2 93.9s58 34.4 93.9 36.2c37 2.1 147.9 2.1 184.9 0 35.9-1.7 67.7-9.9 93.9-36.2 26.2-26.2 34.4-58 36.2-93.9 2.1-37 2.1-147.8 0-184.8zM398.8 388c-7.8 19.6-22.9 34.7-42.6 42.6-29.5 11.7-99.5 9-132.1 9s-102.7 2.6-132.1-9c-19.6-7.8-34.7-22.9-42.6-42.6-11.7-29.5-9-99.5-9-132.1s-2.6-102.7 9-132.1c7.8-19.6 22.9-34.7 42.6-42.6 29.5-11.7 99.5-9 132.1-9s102.7-2.6 132.1 9c19.6 7.8 34.7 22.9 42.6 42.6 11.7 29.5 9 99.5 9 132.1s2.7 102.7-9 132.1z\"><\/path><\/svg>\t\t\t<\/a>\n\t\t<\/div>\n\t\t\t\t\t\t<\/div>\n\t\t\t\t<\/div>\n\t\t\t\t<\/div>\n\t\t<div class=\"elementor-element elementor-element-286d0ed e-con-full e-flex e-con e-child\" data-id=\"286d0ed\" data-element_type=\"container\" data-e-type=\"container\" data-settings=\"{&quot;background_background&quot;:&quot;gradient&quot;}\">\n\t\t\t\t<div class=\"elementor-element elementor-element-a9796a8 elementor-view-default elementor-widget elementor-widget-icon\" data-id=\"a9796a8\" data-element_type=\"widget\" data-e-type=\"widget\" data-widget_type=\"icon.default\">\n\t\t\t\t<div class=\"elementor-widget-container\">\n\t\t\t\t\t\t\t<div class=\"elementor-icon-wrapper\">\n\t\t\t<a class=\"elementor-icon\" href=\"https:\/\/www.youtube.com\/@inf.vrlabRT\" target=\"_blank\">\n\t\t\t<svg aria-hidden=\"true\" class=\"e-font-icon-svg e-fab-youtube\" viewBox=\"0 0 576 512\" xmlns=\"http:\/\/www.w3.org\/2000\/svg\"><path d=\"M549.655 124.083c-6.281-23.65-24.787-42.276-48.284-48.597C458.781 64 288 64 288 64S117.22 64 74.629 75.486c-23.497 6.322-42.003 24.947-48.284 48.597-11.412 42.867-11.412 132.305-11.412 132.305s0 89.438 11.412 132.305c6.281 23.65 24.787 41.5 48.284 47.821C117.22 448 288 448 288 448s170.78 0 213.371-11.486c23.497-6.321 42.003-24.171 48.284-47.821 11.412-42.867 11.412-132.305 11.412-132.305s0-89.438-11.412-132.305zm-317.51 213.508V175.185l142.739 81.205-142.739 81.201z\"><\/path><\/svg>\t\t\t<\/a>\n\t\t<\/div>\n\t\t\t\t\t\t<\/div>\n\t\t\t\t<\/div>\n\t\t\t\t<\/div>\n\t\t<div class=\"elementor-element elementor-element-c7b18aa e-con-full e-flex e-con e-child\" data-id=\"c7b18aa\" data-element_type=\"container\" data-e-type=\"container\" data-settings=\"{&quot;background_background&quot;:&quot;gradient&quot;}\">\n\t\t\t\t<div class=\"elementor-element elementor-element-b828a52 elementor-view-default elementor-widget elementor-widget-icon\" data-id=\"b828a52\" data-element_type=\"widget\" data-e-type=\"widget\" data-widget_type=\"icon.default\">\n\t\t\t\t<div class=\"elementor-widget-container\">\n\t\t\t\t\t\t\t<div class=\"elementor-icon-wrapper\">\n\t\t\t<a class=\"elementor-icon\" href=\"https:\/\/www.linkedin.com\/in\/vrlab-hochschule-reutlingen-6b435a370\/\" target=\"_blank\">\n\t\t\t<svg aria-hidden=\"true\" class=\"e-font-icon-svg e-fab-linkedin-in\" viewBox=\"0 0 448 512\" xmlns=\"http:\/\/www.w3.org\/2000\/svg\"><path d=\"M100.28 448H7.4V148.9h92.88zM53.79 108.1C24.09 108.1 0 83.5 0 53.8a53.79 53.79 0 0 1 107.58 0c0 29.7-24.1 54.3-53.79 54.3zM447.9 448h-92.68V302.4c0-34.7-.7-79.2-48.29-79.2-48.29 0-55.69 37.7-55.69 76.7V448h-92.78V148.9h89.08v40.8h1.3c12.4-23.5 42.69-48.3 87.88-48.3 94 0 111.28 61.9 111.28 142.3V448z\"><\/path><\/svg>\t\t\t<\/a>\n\t\t<\/div>\n\t\t\t\t\t\t<\/div>\n\t\t\t\t<\/div>\n\t\t\t\t<\/div>\n\t\t\t\t<\/div>\n\t\t\t\t<\/div>\n\t\t<div class=\"elementor-element elementor-element-946c86d e-con-full e-flex e-con e-child\" data-id=\"946c86d\" data-element_type=\"container\" data-e-type=\"container\">\n\t\t<div class=\"elementor-element elementor-element-a0c7508 e-con-full e-flex e-con e-child\" data-id=\"a0c7508\" data-element_type=\"container\" data-e-type=\"container\" data-settings=\"{&quot;background_background&quot;:&quot;gradient&quot;}\">\n\t\t\t\t<div class=\"elementor-element elementor-element-704834a elementor-widget elementor-widget-video\" data-id=\"704834a\" data-element_type=\"widget\" data-e-type=\"widget\" data-settings=\"{&quot;youtube_url&quot;:&quot;https:\\\/\\\/www.youtube.com\\\/watch?v=75sAdKPPdZQ&quot;,&quot;video_type&quot;:&quot;youtube&quot;,&quot;controls&quot;:&quot;yes&quot;}\" data-widget_type=\"video.default\">\n\t\t\t\t<div class=\"elementor-widget-container\">\n\t\t\t\t\t\t\t<div class=\"elementor-wrapper elementor-open-inline\">\n\t\t\t<div class=\"elementor-video\"><\/div>\t\t<\/div>\n\t\t\t\t\t\t<\/div>\n\t\t\t\t<\/div>\n\t\t\t\t<\/div>\n\t\t\t\t<\/div>\n\t\t\t\t<\/div>\n\t\t\t\t\t<\/div>\n\t\t\t\t<\/div>\n\t\t<div class=\"elementor-element elementor-element-5cf5863 e-flex e-con-boxed e-con e-parent\" data-id=\"5cf5863\" data-element_type=\"container\" data-e-type=\"container\" data-settings=\"{&quot;background_background&quot;:&quot;classic&quot;}\">\n\t\t\t\t\t<div class=\"e-con-inner\">\n\t\t<div class=\"elementor-element elementor-element-0b38335 e-grid e-con-full e-con e-child\" data-id=\"0b38335\" data-element_type=\"container\" data-e-type=\"container\">\n\t\t<div class=\"elementor-element elementor-element-1300ae1 e-flex e-con-boxed e-con e-child\" data-id=\"1300ae1\" data-element_type=\"container\" data-e-type=\"container\">\n\t\t\t\t\t<div class=\"e-con-inner\">\n\t\t<div class=\"elementor-element elementor-element-dc60830 e-con-full e-flex e-con e-child\" data-id=\"dc60830\" data-element_type=\"container\" data-e-type=\"container\" data-settings=\"{&quot;background_background&quot;:&quot;gradient&quot;}\">\n\t\t\t\t<div class=\"elementor-element elementor-element-d592faa elementor-widget elementor-widget-image\" data-id=\"d592faa\" data-element_type=\"widget\" data-e-type=\"widget\" data-widget_type=\"image.default\">\n\t\t\t\t<div class=\"elementor-widget-container\">\n\t\t\t\t\t\t\t\t\t\t\t\t\t\t\t<img fetchpriority=\"high\" decoding=\"async\" width=\"1024\" height=\"723\" src=\"https:\/\/vrlab.reutlingen-university.de\/web\/wp-content\/uploads\/2025\/02\/videoframe_58606-1-1024x723.png\" class=\"attachment-large size-large wp-image-1855\" alt=\"\" srcset=\"https:\/\/vrlab.reutlingen-university.de\/web\/wp-content\/uploads\/2025\/02\/videoframe_58606-1-1024x723.png 1024w, https:\/\/vrlab.reutlingen-university.de\/web\/wp-content\/uploads\/2025\/02\/videoframe_58606-1-300x212.png 300w, https:\/\/vrlab.reutlingen-university.de\/web\/wp-content\/uploads\/2025\/02\/videoframe_58606-1-768x542.png 768w, https:\/\/vrlab.reutlingen-university.de\/web\/wp-content\/uploads\/2025\/02\/videoframe_58606-1.png 1530w\" sizes=\"(max-width: 1024px) 100vw, 1024px\" \/>\t\t\t\t\t\t\t\t\t\t\t\t\t\t\t<\/div>\n\t\t\t\t<\/div>\n\t\t\t\t<\/div>\n\t\t\t\t\t<\/div>\n\t\t\t\t<\/div>\n\t\t<div class=\"elementor-element elementor-element-3fe9846 e-con-full e-flex e-con e-child\" data-id=\"3fe9846\" data-element_type=\"container\" data-e-type=\"container\">\n\t\t\t\t<div class=\"elementor-element elementor-element-ff0732a elementor-widget elementor-widget-heading\" data-id=\"ff0732a\" data-element_type=\"widget\" data-e-type=\"widget\" data-widget_type=\"heading.default\">\n\t\t\t\t<div class=\"elementor-widget-container\">\n\t\t\t\t\t<h2 class=\"elementor-heading-title elementor-size-default\">Das VR Lab<\/h2>\t\t\t\t<\/div>\n\t\t\t\t<\/div>\n\t\t\t\t<div class=\"elementor-element elementor-element-1d6f056 elementor-widget elementor-widget-text-editor\" data-id=\"1d6f056\" data-element_type=\"widget\" data-e-type=\"widget\" data-widget_type=\"text-editor.default\">\n\t\t\t\t<div class=\"elementor-widget-container\">\n\t\t\t\t\t\t\t\t\t<p>Virtuelle Realit\u00e4t, Interaktivit\u00e4t und die Projektion von dreidimensionalen Inhalten sind die Eckpunkte des Projekts VR Lab.<\/p><p>Eingerichtet als modernes Labor, bietet es den Studierenden an der Hochschule Reutlingen in den Studieng\u00e4ngen \u201eMedien- und Kommunikationsinformatik\u201c und \u201eHuman-Centered Computing\u201c vielf\u00e4ltige M\u00f6glichkeiten zu experimentieren.<\/p><p>Die Ausstattung des VRlabs wird regelm\u00e4\u00dfig erweitert, sodass Projekte stattfinden k\u00f6nnen, die auf dem aktuellsten Stand der Technik basieren.<\/p>\t\t\t\t\t\t\t\t<\/div>\n\t\t\t\t<\/div>\n\t\t\t\t<\/div>\n\t\t\t\t<\/div>\n\t\t\t\t\t<\/div>\n\t\t\t\t<\/div>\n\t\t<div class=\"elementor-element elementor-element-d4d1470 e-flex e-con-boxed e-con e-parent\" data-id=\"d4d1470\" data-element_type=\"container\" data-e-type=\"container\" data-settings=\"{&quot;background_background&quot;:&quot;classic&quot;}\">\n\t\t\t\t\t<div class=\"e-con-inner\">\n\t\t<div class=\"elementor-element elementor-element-889c9f1 e-grid e-con-full e-con e-child\" data-id=\"889c9f1\" data-element_type=\"container\" data-e-type=\"container\">\n\t\t<div class=\"elementor-element elementor-element-89d190b e-con-full e-flex e-con e-child\" data-id=\"89d190b\" data-element_type=\"container\" data-e-type=\"container\">\n\t\t\t\t<div class=\"elementor-element elementor-element-3706256 elementor-widget elementor-widget-heading\" data-id=\"3706256\" data-element_type=\"widget\" data-e-type=\"widget\" data-widget_type=\"heading.default\">\n\t\t\t\t<div class=\"elementor-widget-container\">\n\t\t\t\t\t<h2 class=\"elementor-heading-title elementor-size-default\">Viele M\u00f6glichkeiten<\/h2>\t\t\t\t<\/div>\n\t\t\t\t<\/div>\n\t\t\t\t<div class=\"elementor-element elementor-element-e1feb4b elementor-widget elementor-widget-text-editor\" data-id=\"e1feb4b\" data-element_type=\"widget\" data-e-type=\"widget\" data-widget_type=\"text-editor.default\">\n\t\t\t\t<div class=\"elementor-widget-container\">\n\t\t\t\t\t\t\t\t\t<p>Das VRlab ist Lehr- und Forschungsprojekt f\u00fcr neue Ideen rund um das Thema Extended Reality (XR). Die Anwendungsgebiete sind vielf\u00e4ltig und quasi unbegrenzt: in der k\u00fcnstlichen Welt kann alles erschaffen werden. Der Austausch und Transfer zu mit Forschungseinrichtungen und Unternehmen runden das Angebot ab.<\/p>\t\t\t\t\t\t\t\t<\/div>\n\t\t\t\t<\/div>\n\t\t\t\t<div class=\"elementor-element elementor-element-e37eec6 elementor-widget elementor-widget-button\" data-id=\"e37eec6\" data-element_type=\"widget\" data-e-type=\"widget\" data-widget_type=\"button.default\">\n\t\t\t\t<div class=\"elementor-widget-container\">\n\t\t\t\t\t\t\t\t\t<div class=\"elementor-button-wrapper\">\n\t\t\t\t\t<a class=\"elementor-button elementor-button-link elementor-size-sm\" href=\"https:\/\/vrlab.reutlingen-university.de\/web\/de\/category\/vrlab-projekte\">\n\t\t\t\t\t\t<span class=\"elementor-button-content-wrapper\">\n\t\t\t\t\t\t<span class=\"elementor-button-icon\">\n\t\t\t\t<svg aria-hidden=\"true\" class=\"e-font-icon-svg e-fas-angle-right\" viewBox=\"0 0 256 512\" xmlns=\"http:\/\/www.w3.org\/2000\/svg\"><path d=\"M224.3 273l-136 136c-9.4 9.4-24.6 9.4-33.9 0l-22.6-22.6c-9.4-9.4-9.4-24.6 0-33.9l96.4-96.4-96.4-96.4c-9.4-9.4-9.4-24.6 0-33.9L54.3 103c9.4-9.4 24.6-9.4 33.9 0l136 136c9.5 9.4 9.5 24.6.1 34z\"><\/path><\/svg>\t\t\t<\/span>\n\t\t\t\t\t\t\t\t\t<span class=\"elementor-button-text\">Zu den Projekten<\/span>\n\t\t\t\t\t<\/span>\n\t\t\t\t\t<\/a>\n\t\t\t\t<\/div>\n\t\t\t\t\t\t\t\t<\/div>\n\t\t\t\t<\/div>\n\t\t\t\t<div class=\"elementor-element elementor-element-dcef27b elementor-widget elementor-widget-button\" data-id=\"dcef27b\" data-element_type=\"widget\" data-e-type=\"widget\" data-widget_type=\"button.default\">\n\t\t\t\t<div class=\"elementor-widget-container\">\n\t\t\t\t\t\t\t\t\t<div class=\"elementor-button-wrapper\">\n\t\t\t\t\t<a class=\"elementor-button elementor-button-link elementor-size-sm\" href=\"https:\/\/vrlab.reutlingen-university.de\/web\/de\/team\">\n\t\t\t\t\t\t<span class=\"elementor-button-content-wrapper\">\n\t\t\t\t\t\t<span class=\"elementor-button-icon\">\n\t\t\t\t<svg aria-hidden=\"true\" class=\"e-font-icon-svg e-fas-angle-right\" viewBox=\"0 0 256 512\" xmlns=\"http:\/\/www.w3.org\/2000\/svg\"><path d=\"M224.3 273l-136 136c-9.4 9.4-24.6 9.4-33.9 0l-22.6-22.6c-9.4-9.4-9.4-24.6 0-33.9l96.4-96.4-96.4-96.4c-9.4-9.4-9.4-24.6 0-33.9L54.3 103c9.4-9.4 24.6-9.4 33.9 0l136 136c9.5 9.4 9.5 24.6.1 34z\"><\/path><\/svg>\t\t\t<\/span>\n\t\t\t\t\t\t\t\t\t<span class=\"elementor-button-text\">Zum VR Lab Team<\/span>\n\t\t\t\t\t<\/span>\n\t\t\t\t\t<\/a>\n\t\t\t\t<\/div>\n\t\t\t\t\t\t\t\t<\/div>\n\t\t\t\t<\/div>\n\t\t\t\t<\/div>\n\t\t<div class=\"elementor-element elementor-element-213b923 e-con-full e-flex e-con e-child\" data-id=\"213b923\" data-element_type=\"container\" data-e-type=\"container\">\n\t\t<div class=\"elementor-element elementor-element-19e7d9c e-con-full e-flex e-con e-child\" data-id=\"19e7d9c\" data-element_type=\"container\" data-e-type=\"container\" data-settings=\"{&quot;background_background&quot;:&quot;gradient&quot;}\">\n\t\t\t\t<div class=\"elementor-element elementor-element-99b01f4 elementor-widget elementor-widget-image\" data-id=\"99b01f4\" data-element_type=\"widget\" data-e-type=\"widget\" data-widget_type=\"image.default\">\n\t\t\t\t<div class=\"elementor-widget-container\">\n\t\t\t\t\t\t\t\t\t\t\t\t\t\t\t<img decoding=\"async\" width=\"1024\" height=\"683\" src=\"https:\/\/vrlab.reutlingen-university.de\/web\/wp-content\/uploads\/2019\/05\/Doppelbild5-1024x683.jpeg\" class=\"attachment-large size-large wp-image-1598\" alt=\"\" srcset=\"https:\/\/vrlab.reutlingen-university.de\/web\/wp-content\/uploads\/2019\/05\/Doppelbild5-1024x683.jpeg 1024w, https:\/\/vrlab.reutlingen-university.de\/web\/wp-content\/uploads\/2019\/05\/Doppelbild5-300x200.jpeg 300w, https:\/\/vrlab.reutlingen-university.de\/web\/wp-content\/uploads\/2019\/05\/Doppelbild5-768x512.jpeg 768w, https:\/\/vrlab.reutlingen-university.de\/web\/wp-content\/uploads\/2019\/05\/Doppelbild5-100x67.jpeg 100w, https:\/\/vrlab.reutlingen-university.de\/web\/wp-content\/uploads\/2019\/05\/Doppelbild5-150x100.jpeg 150w, https:\/\/vrlab.reutlingen-university.de\/web\/wp-content\/uploads\/2019\/05\/Doppelbild5-200x133.jpeg 200w, https:\/\/vrlab.reutlingen-university.de\/web\/wp-content\/uploads\/2019\/05\/Doppelbild5-450x300.jpeg 450w, https:\/\/vrlab.reutlingen-university.de\/web\/wp-content\/uploads\/2019\/05\/Doppelbild5-600x400.jpeg 600w, https:\/\/vrlab.reutlingen-university.de\/web\/wp-content\/uploads\/2019\/05\/Doppelbild5-900x600.jpeg 900w\" sizes=\"(max-width: 1024px) 100vw, 1024px\" \/>\t\t\t\t\t\t\t\t\t\t\t\t\t\t\t<\/div>\n\t\t\t\t<\/div>\n\t\t\t\t<\/div>\n\t\t\t\t<\/div>\n\t\t\t\t<\/div>\n\t\t\t\t\t<\/div>\n\t\t\t\t<\/div>\n\t\t\t\t<\/div>\n\t\t","protected":false},"excerpt":{"rendered":"<p>Herzlich Willkommen im VR Lab Warum VRlab &#8211; was ist AR, MR, VR, XR? Das Projekt VRlab des Master-Studiengangs Human-Centered [&hellip;]<\/p>\n","protected":false},"author":1,"featured_media":0,"parent":0,"menu_order":0,"comment_status":"closed","ping_status":"open","template":"","meta":{"site-sidebar-layout":"default","site-content-layout":"","ast-site-content-layout":"full-width-container","site-content-style":"default","site-sidebar-style":"default","ast-global-header-display":"","ast-banner-title-visibility":"","ast-main-header-display":"","ast-hfb-above-header-display":"","ast-hfb-below-header-display":"","ast-hfb-mobile-header-display":"","site-post-title":"disabled","ast-breadcrumbs-content":"","ast-featured-img":"","footer-sml-layout":"","ast-disable-related-posts":"","theme-transparent-header-meta":"default","adv-header-id-meta":"","stick-header-meta":"","header-above-stick-meta":"","header-main-stick-meta":"","header-below-stick-meta":"","astra-migrate-meta-layouts":"set","ast-page-background-enabled":"default","ast-page-background-meta":{"desktop":{"background-color":"var(--ast-global-color-4)","background-image":"","background-repeat":"repeat","background-position":"center center","background-size":"auto","background-attachment":"scroll","background-type":"","background-media":"","overlay-type":"","overlay-color":"","overlay-opacity":"","overlay-gradient":""},"tablet":{"background-color":"","background-image":"","background-repeat":"repeat","background-position":"center center","background-size":"auto","background-attachment":"scroll","background-type":"","background-media":"","overlay-type":"","overlay-color":"","overlay-opacity":"","overlay-gradient":""},"mobile":{"background-color":"","background-image":"","background-repeat":"repeat","background-position":"center center","background-size":"auto","background-attachment":"scroll","background-type":"","background-media":"","overlay-type":"","overlay-color":"","overlay-opacity":"","overlay-gradient":""}},"ast-content-background-meta":{"desktop":{"background-color":"var(--ast-global-color-5)","background-image":"","background-repeat":"repeat","background-position":"center center","background-size":"auto","background-attachment":"scroll","background-type":"","background-media":"","overlay-type":"","overlay-color":"","overlay-opacity":"","overlay-gradient":""},"tablet":{"background-color":"var(--ast-global-color-5)","background-image":"","background-repeat":"repeat","background-position":"center center","background-size":"auto","background-attachment":"scroll","background-type":"","background-media":"","overlay-type":"","overlay-color":"","overlay-opacity":"","overlay-gradient":""},"mobile":{"background-color":"var(--ast-global-color-5)","background-image":"","background-repeat":"repeat","background-position":"center center","background-size":"auto","background-attachment":"scroll","background-type":"","background-media":"","overlay-type":"","overlay-color":"","overlay-opacity":"","overlay-gradient":""}},"ngg_post_thumbnail":0,"footnotes":""},"class_list":["post-2","page","type-page","status-publish","hentry"],"_links":{"self":[{"href":"https:\/\/vrlab.reutlingen-university.de\/web\/de\/wp-json\/wp\/v2\/pages\/2","targetHints":{"allow":["GET"]}}],"collection":[{"href":"https:\/\/vrlab.reutlingen-university.de\/web\/de\/wp-json\/wp\/v2\/pages"}],"about":[{"href":"https:\/\/vrlab.reutlingen-university.de\/web\/de\/wp-json\/wp\/v2\/types\/page"}],"author":[{"embeddable":true,"href":"https:\/\/vrlab.reutlingen-university.de\/web\/de\/wp-json\/wp\/v2\/users\/1"}],"replies":[{"embeddable":true,"href":"https:\/\/vrlab.reutlingen-university.de\/web\/de\/wp-json\/wp\/v2\/comments?post=2"}],"version-history":[{"count":127,"href":"https:\/\/vrlab.reutlingen-university.de\/web\/de\/wp-json\/wp\/v2\/pages\/2\/revisions"}],"predecessor-version":[{"id":1928,"href":"https:\/\/vrlab.reutlingen-university.de\/web\/de\/wp-json\/wp\/v2\/pages\/2\/revisions\/1928"}],"wp:attachment":[{"href":"https:\/\/vrlab.reutlingen-university.de\/web\/de\/wp-json\/wp\/v2\/media?parent=2"}],"curies":[{"name":"wp","href":"https:\/\/api.w.org\/{rel}","templated":true}]}}