{"id":1622,"date":"2020-12-03T17:49:58","date_gmt":"2020-12-03T16:49:58","guid":{"rendered":"http:\/\/vrlab.reutlingen-university.de\/web\/?page_id=1622"},"modified":"2020-12-03T17:50:22","modified_gmt":"2020-12-03T16:50:22","slug":"datenschutz","status":"publish","type":"page","link":"https:\/\/vrlab.reutlingen-university.de\/web\/de\/datenschutz","title":{"rendered":"Datenschutzerkl\u00e4rung"},"content":{"rendered":"<p>Wir freuen uns \u00fcber Ihren Besuch auf unserer Webseite. Der Schutz Ihrer personenbezogenen Daten ist f\u00fcr uns sehr wichtig. Die Hochschule Reutlingen legt gro\u00dfen Wert auf die Sicherheit der Daten der Nutzer und die Einhaltung datenschutzrechtlicher Bestimmungen. Nachstehend informieren wir Sie ausf\u00fchrlich \u00fcber den Umgang mit Ihren Daten.<\/p>\n<p><strong>Verantwortliche Stelle<\/strong><br \/>\nHochschule Reutlingen<br \/>\nAlteburgstra\u00dfe 150<br \/>\n72762 Reutlingen<br \/>\nTelefon 07121\/271-0<\/p>\n<p><strong>Datenschutzbeauftragte\/r<\/strong><br \/>\nAn unserer Hochschule haben wir einen Datenschutzbeauftragten bestellt.<br \/>\nSollten Sie Fragen rund um den Datenschutz haben, wenden Sie sich bitte einfach direkt an unseren Datenschutzbeauftragen:<br \/>\nDeutsche Datenschutzkanzlei<br \/>\nMaximilian Musch<br \/>\nTel.: 07542 949 21 02<br \/>\nE-Mail: anfragen@ddsk.de<\/p>\n<p>&nbsp;<\/p>\n<h2><strong>Begriffsbestimmungen<\/strong><\/h2>\n<p>Die in dieser Datenschutzerkl\u00e4rung verwendeten Fachbegriffe sind so zu verstehen, wie sie in Art. 4 DSGVO legaldefiniert sind<\/p>\n<h3>Hinweise zur Datenverarbeitung<\/h3>\n<p>Eine Nutzung unserer Internetseiten ist grunds\u00e4tzlich ohne jede Angabe personenbezogener Daten m\u00f6glich. So-fern Sie besondere Services unseres Unternehmens \u00fcber unsere Internetseite in Anspruch nehmen m\u00f6chten, k\u00f6nnte jedoch eine Verarbeitung personenbezogener Daten erforderlich werden. Ist die Verarbeitung personen-bezogener Daten erforderlich und besteht f\u00fcr eine solche Verarbeitung keine gesetzliche Grundlage, holen wir generell eine Einwilligung der betroffenen Person ein.<\/p>\n<h3>Automatisierte Datenverarbeitung (Log-Files etc.)<\/h3>\n<p>Sie k\u00f6nnen unsere Seite besuchen, ohne aktiv Angaben zu Ihrer Person zu machen. Wir speichern jedoch automatisch mit jedem Aufruf der Internetseite Zugriffsdaten (Server-Log-Dateien) wie z.B. den Namen Ihres Internet Service Providers, das verwendete Betriebssystem, die Webseite, von der aus Sie uns besuchen, das Datum und die Dauer des Besuchs oder den Namen der angeforderten Datei, sowie aus Sicherheitsgr\u00fcnden, z. B. zur Erkennung von Angriffen auf unsere Webseiten, die IP-Adresse des verwendeten Computers f\u00fcr die Dauer von 7 Tagen. Diese Daten werden ausschlie\u00dflich zur Verbesserung unseres Angebotes ausgewertet und erlauben keine R\u00fcckschl\u00fcsse auf Ihre Person. Eine Zusammenf\u00fchrung dieser Daten mit anderen Datenquellen wird erfolgt nicht.<\/p>\n<p>Rechtsgrundlage f\u00fcr die Verarbeitung der Daten ist Art. 6 Abs. 1 lit. f) DSGVO.<\/p>\n<p>Die Daten verarbeiten und nutzen wir f\u00fcr folgende Zwecke:<\/p>\n<p>1. Bereitstellung der Webseite<br \/>\n2. Verbesserung unserer Webseiten<br \/>\n3. Verhinderung und Erkennung von Fehlern\/Fehlfunktionen<br \/>\n4. Verhinderung des Missbrauchs der Webseite<\/p>\n<p>Die Verarbeitung erfolgt zur Verfolgung berechtigter Interessen daran, die Funktionalit\u00e4t und den fehlerfreien sowie sicheren Betrieb der Webseite sicherzustellen sowie diese Webseite an die Anforderungen der Nutzer anzupassen.<\/p>\n<h3>Einsatz von Cookies (Allgemein, Funktionsweise, Opt-Out-Links etc.)<\/h3>\n<p>Um den Besuch unserer Webseite attraktiv zu gestalten und die Nutzung bestimmter Funktionen zu erm\u00f6glichen, verwenden wir auf unserer Webseite sogenannte Cookies. Das Verwenden von Cookies dient unserem berechtigten Interesse, den Besuch unserer Webseite so angenehm wie m\u00f6glich zu gestalten und beruht auf Art. 6 Abs. 1 lit. f) DSGVO. Bei Cookies handelt es sich um eine Standard-Internettechnologie zum Speichern und Abrufen von Login- und anderen Nutzungsinformationen f\u00fcr alle Nutzer der Webseite. Cookies sind kleine Textdateien, die auf dem Endger\u00e4t abgelegt werden. Sie erm\u00f6glichen es uns, u. a. Benutzereinstellungen zu speichern, damit unsere Webseite in einem auf das Nutzerger\u00e4t zugeschnittene Format angezeigt werden kann. Einige der von uns verwendeten Cookies werden nach dem Ende der Browser-Sitzung, also nach Schlie\u00dfen des Browsers, wieder gel\u00f6scht (sog. Sitzungs-Cookies). Andere Cookies verbleiben auf dem Endger\u00e4t des Nutzers und erm\u00f6glichen uns oder unseren Partnerunternehmen, den Browser beim n\u00e4chsten Besuch wiederzuerkennen (sog. dauerhafte Cookies).<br \/>\nDer Browser kann so eingestellt werden, dass der Nutzer \u00fcber das Setzen von Cookies informiert wird und einzeln \u00fcber deren Annahme entscheiden oder die Annahme von Cookies f\u00fcr bestimmte F\u00e4lle oder generell ausschlie\u00dfen kann. Weiter k\u00f6nnen die Cookies im Nachhinein gel\u00f6scht werden, um Daten zu entfernen, die die Webseite auf dem Computer des Nutzers abgelegt hat. Die Deaktivierung der Cookies (sog. Opt-Out) kann zu einigen Einschr\u00e4nkungen der Funktionalit\u00e4t unserer Webseite f\u00fchren.<\/p>\n<p><strong>Kategorien Betroffener:<\/strong><\/p>\n<p style=\"padding-left: 30px;\">Webseitenbesucher, Nutzer von Onlinediensten<\/p>\n<p><strong>Opt-Out:<\/strong><\/p>\n<p style=\"padding-left: 30px;\">Internet Explorer:&nbsp;https:\/\/support.microsoft.com\/de-de\/help\/17442<br \/>\nFirefox:&nbsp;https:\/\/support.mozilla.org\/de\/kb\/wie-verhindere-ich-dass-websites-mich-verfolgen<br \/>\nGoogle Chrome:&nbsp;https:\/\/support.mozilla.org\/de\/kb\/wie-verhindere-ich-dass-websites-mich-verfolgen<br \/>\nSafari:&nbsp;https:\/\/support.apple.com\/de-de\/HT201265<\/p>\n<p><strong>Rechtsgrundlagen:<\/strong><\/p>\n<p style=\"padding-left: 30px;\">Einwilligung (Art. 6 Abs. 1 lit. a) DSGVO); berechtigte Interessen (Art. 6 Abs. 1 lit. f) DSGVO)<br \/>\nDie jeweils einschl\u00e4gige Rechtsgrundlage ist bei dem entsprechenden Tool konkret benannt.<\/p>\n<p><strong>Berechtigte Interessen:<\/strong><\/p>\n<p style=\"padding-left: 30px;\">Speicherung von Opt-In Pr\u00e4ferenzen, Darstellung der Webseite, Sicherstellung der Funktionalit\u00e4t der Webseite, Bewahrung Benutzerstatus \u00fcber vollst\u00e4ndigen Webauftritt, Wiedererkennung f\u00fcr n\u00e4chste Webseitenbesucher, Benutzerfreundliches Onlineangebot, Sicherstellung von Chatfunktion<\/p>\n<p>&nbsp;<\/p>\n<h2>Plug-ins und eingebundene Inhalte Dritter<\/h2>\n<p>In unser Onlineangebot haben wir Funktionen und Inhalte eingebunden, die von Drittanbietern bezogen werden. So k\u00f6nnen beispielsweise Videos, Darstellungen, Schaltfl\u00e4chen oder Beitr\u00e4ge (nachfolgend Inhalte genannt) eingebunden werden.<br \/>\nDamit den Besuchern unseres Onlineangebots Inhalte angezeigt werden k\u00f6nnen, verarbeitet der jeweilige Drittanbieter unter anderem die IP-Adresse des Nutzers, damit die Inhalte an den Browser \u00fcbermittelt und angezeigt werden k\u00f6nnen. Ohne diesen Verarbeitungsvorgang ist die Anzeige von Drittinhalten nicht m\u00f6glich.<br \/>\nTeilweise werden dar\u00fcberhinausgehende Informationen \u00fcber sog. Pixel-Tags oder Web Beacons erhoben, wodurch der Drittanbieter Informationen \u00fcber die Nutzung des Inhalts oder den Besucherverkehr auf unserem Onlineangebot, technische Informationen zum Browser oder zum Betriebssystem des Nutzers, der Besuchszeit oder zu verweisenden Webseiten erh\u00e4lt. Die so gewonnenen Daten werden in Cookies auf dem Endger\u00e4t des Nutzers abgelegt.<br \/>\nUm die personenbezogenen Daten der Besucher unseres Onlineangebots zu sch\u00fctzen, haben wir bestimmte Sicherheitsvorkehrungen getroffen, um eine automatische \u00dcbermittlung dieser Daten zu unterbinden. Eine \u00dcbermittlung dieser Daten erfolgt erst, wenn Sie die Schaltfl\u00e4chen nutzen bzw. die Drittinhalte anklicken.<br \/>\nHierf\u00fcr nutzen wir die Shariff-L\u00f6sung\/Zwei-Klick-L\u00f6sung von Heise.<br \/>\nInformationen zur Umsetzung von Shariff je nach eingesetztem CMS-System finden sich unter: https:\/\/github.com\/heiseonline\/shariff<br \/>\nInformationen zur Funktion und zum Einsatz der \u201e2-Klick-L\u00f6sung\u201c werden von der Computerzeitschrift c\u00b4t unter https:\/\/www.heise.de\/ct\/artikel\/2-Klicks-fuer-mehr-Datenschutz-1333879.html zur Verf\u00fcgung gestellt.<\/p>\n<p><strong>Kategorien Betroffener:<\/strong><\/p>\n<p style=\"padding-left: 30px;\">Nutzer des Plug-ins oder eingebundener Drittinhalte<\/p>\n<p><strong>Kategorien Daten:<\/strong><\/p>\n<p style=\"padding-left: 30px;\">Nutzungsdaten (z.B. besuchte Webseiten, Interessen, Zugriffszeit), Meta- und Kommunikationsdaten (z.B. Ger\u00e4teinformation, IP-Adresse), Kontaktdaten (z.B. E-Mail-Adresse, Telefonnummer), Stammdaten (z.B. Name, Adresse)<\/p>\n<p><strong>Zwecke der Verarbeitung:<\/strong><\/p>\n<p style=\"padding-left: 30px;\">Gestaltung unseres Onlineangebots, Steigerung der Reichweite von Werbeanzeigen in sozialen Medien, Teilen von Beitr\u00e4gen und Inhalten, interessen- und verhaltensbasiertes Marketing, Cross-Device-Tracking<\/p>\n<p><strong> Rechtsgrundlagen:<\/strong><\/p>\n<p style=\"padding-left: 30px;\">Einwilligung (Art. 6 Abs. 1 lit. a) DSGVO)<\/p>\n<h2>Daten\u00fcbermittlung<\/h2>\n<p>Wir \u00fcbermitteln die personenbezogenen Daten der Besucher unseres Onlineangebots zu internen Zwecken (z.B. zur internen Verwaltung oder an die Personalabteilung, um gesetzlichen oder vertraglichen Verpflichtungen nachzukommen). Die interne Daten\u00fcbermittlung bzw. Offenlegung der Daten erfolgt nur in dem erforderlichen Umfang unter Beachtung der einschl\u00e4gigen Datenschutzvorschriften.<br \/>\nEbenfalls kann es zur Durchf\u00fchrung von Vertr\u00e4gen oder zur Erf\u00fcllung einer rechtlichen Verpflichtung erforderlich sein, dass wir personenbezogene Daten weitergeben m\u00fcssen. Werden uns die insofern erforderlichen Daten nicht zur Verf\u00fcgung gestellt, ist es ggf. nicht m\u00f6glich, dass der Vertrag mit der betroffenen Person geschlossen werden kann.<\/p>\n<h2>Automatisierte Entscheidungsfindung<\/h2>\n<p>Wir verzichten auf eine automatisierte Entscheidungsfindung oder ein Profiling, gem. Art. 22 DSGVO.<\/p>\n<h2>Speicherdauer<\/h2>\n<p>Wir speichern Ihre Daten grunds\u00e4tzlich solange, wie dies zur Erbringung unseres Services erforderlich ist oder sofern dies durch den Europ\u00e4ischen Richtlinien- und Verordnungsgeber oder einen anderen Gesetzgeber in Gesetzen oder Vorschriften, welchen der f\u00fcr die Verarbeitung Verantwortliche unterliegt, vorgesehen wurde. In allen anderen F\u00e4llen l\u00f6schen wir Ihre personenbezogenen Daten nach Erledigung des Zweckes, mit Ausnahme solcher Daten, die wir zur Erf\u00fcllung rechtlicher Verpflichtungen weiter speichern m\u00fcssen (z. B. sind wir aufgrund steuer- und handelsrechtlicher Aufbewahrungsfristen verpflichtet, Dokumente wie z. B. Vertr\u00e4ge und Rechnungen f\u00fcr einen gewissen Zeitraum vorzuhalten).<\/p>\n<h2>Technische Sicherheit<\/h2>\n<p>Die Hochschule setzt technische und organisatorische Sicherheitsma\u00dfnahmen ein, um Ihre durch uns verwalteten Daten gegen zuf\u00e4llige oder vors\u00e4tzliche Manipulationen, Verlust, Zerst\u00f6rung oder vor dem Zugriff unberechtigter Personen zu sch\u00fctzen.<br \/>\nWir sch\u00fctzen Ihre Daten w\u00e4hrend der \u00dcbertragung auf unserer Webseite durch ein bew\u00e4hrtes Verschl\u00fcsselungsverfahren, welches wir regelm\u00e4\u00dfig auf Aktualit\u00e4t \u00fcberpr\u00fcfen. Die Daten\u00fcbertragung von der Website erfolgt \u00fcber eine sog. SSL-Verschl\u00fcsselung (https). Das bedeutet, der Aufbau der Transportverbindung findet nur zwischen definierten und durch Zertifikate gesicherte Systeme statt. Eine sichere Webseite erkennen Sie in der Browserzeile, welche durch ein &#8222;s&#8220; nach &#8222;http&#8220; erweitert ist. Zudem erkennen Sie ein Schlosssymbol vor der Bezeichnung &#8222;https&#8220;.<\/p>\n<h2>Rechtsgrundlage der Verarbeitung<\/h2>\n<p>Ma\u00dfgebliche Rechtgrundlagen ergeben sich vorwiegend aus der DSGVO. Diese werden durch nationale Gesetze der Mitgliedstaaten erg\u00e4nzt und sind ggf. gemeinsam mit oder erg\u00e4nzend zu der DSGVO anwendbar.<\/p>\n<p><strong>Einwilligung:<\/strong><\/p>\n<p style=\"padding-left: 30px;\">Art. 6 Abs.1 lit. a) DSGVO dient als Rechtsgrundlage f\u00fcr Verarbeitungsvorg\u00e4nge, f\u00fcr die wir eine Einwilligung f\u00fcr einen bestimmten Verarbeitungszweck eingeholt haben.<\/p>\n<p><strong>Vertragserf\u00fcllung:<\/strong><\/p>\n<p style=\"padding-left: 30px;\">Art. 6 Abs. 1 lit. b) DSGVO dient als Rechtsgrundlage f\u00fcr Verarbeitungen, die f\u00fcr die Erf\u00fcllung eines Vertrages, dessen Vertragspartei die betroffene Person ist oder zur Durchf\u00fchrung vorvertraglicher Ma\u00dfnahmen, die auf Anfrage der betroffenen Person erfolgen, erforderlich.<\/p>\n<p><strong>Rechtliche Verpflichtung:<\/strong><\/p>\n<p style=\"padding-left: 30px;\">Art. 6 Abs. 1 lit. c) DSGVO dient als Rechtsgrundlage f\u00fcr Verarbeitungen, welche zur Erf\u00fcllung einer rechtlichen Verpflichtung erforderlich ist.<\/p>\n<p><strong>Lebenswichtige Interessen:<\/strong><\/p>\n<p style=\"padding-left: 30px;\">Art. 6 Abs. 1 lit. d) DSGVO dient als Rechtsgrundlage, wenn die Verarbeitung erforderlich ist, um lebenswichtige Interessen der betroffenen Person oder einer anderen nat\u00fcrlichen Person zu sch\u00fctzen.<\/p>\n<p><strong>\u00d6ffentliches Interesse:<\/strong><\/p>\n<p style=\"padding-left: 30px;\">Art. 6 Abs. 1 lit. e) DSGVO dient als Rechtsgrundlage f\u00fcr Verarbeitungen, die f\u00fcr die Wahrnehmung einer Aufgabe erforderlich sind, die im \u00f6ffentlichen Interesse liegt oder in Aus\u00fcbung \u00f6ffentlicher Gewalt erfolgt, die dem Verantwortlichen \u00fcbertragen wurde.<\/p>\n<p><strong>Berechtigtes Interesse:<\/strong><\/p>\n<p style=\"padding-left: 30px;\">Art. 6 Abs. 1 lit. f) DSGVO dient als Rechtsgrundlage f\u00fcr Verarbeitung, die zur Wahrung der berechtigten Interessen des Verantwortlichen oder eines Dritten erforderlich sind, sofern nicht die Interessen oder Grundrechte und Grundfreiheiten der betroffenen Person, die den Schutz personenbezogener Daten erfordern, \u00fcberwiegen, insbesondere dann, wenn es sich bei der betroffenen Person um ein Kind handelt.<\/p>\n<h2>Rechte der Betroffenen<\/h2>\n<p><strong>Recht auf Auskunft:<\/strong><\/p>\n<p style=\"padding-left: 30px;\">Betroffene Personen haben gem. Art. 15 DSGVO das Recht, eine Best\u00e4tigung zu verlangen, ob wir sie betreffende Daten verarbeiten. Sie k\u00f6nnen Auskunft \u00fcber diese Daten sowie die in Art. 15 Abs. 1 DSGVO aufgef\u00fchrten weiteren Informationen und eine Kopie ihrer Daten verlangen.<br \/>\nRecht auf Berichtigung: Betroffene Personen haben gem. Art. 16 DSGVO das Recht, die Berichtigung oder Vervollst\u00e4ndigung der sie betreffenden und durch uns verarbeiteten Daten zu verlangen.<\/p>\n<p><strong>Recht auf L\u00f6schung:<\/strong><\/p>\n<p style=\"padding-left: 30px;\">Betroffene Personen haben das Recht gem. Art. 17 DSGVO, die unverz\u00fcgliche L\u00f6schung der sie betreffenden Daten zu verlangen. Alternativ k\u00f6nnen sie von uns gem. Art. 18 DSGVO die Einschr\u00e4nkung der Verarbeitung ihrer Daten verlangen.<\/p>\n<p><strong>Recht auf Daten\u00fcbertragbarkeit:<\/strong><\/p>\n<p style=\"padding-left: 30px;\">Betroffene Personen haben gem. Art. 20 DSGVO das Recht, die Bereitstellung der uns durch sie zur Verf\u00fcgung gestellten Daten zu fordern und deren \u00dcbermittlung an einen anderen Verantwortlichen zu verlangen.<\/p>\n<p><strong>Beschwerderecht:<\/strong><\/p>\n<p style=\"padding-left: 30px;\">Betroffene Personen haben ferner das Recht, sich bei der f\u00fcr sie zust\u00e4ndigen Aufsichtsbeh\u00f6rde nach Ma\u00dfgabe des Art. 77 DSGVO zu beschweren.<\/p>\n<p><strong>Recht auf Widerspruch:<\/strong><\/p>\n<p style=\"padding-left: 30px;\">Sofern personenbezogenen Daten auf Grundlage von berechtigten Interessen gem. Art. 6 Abs. 1 S. 1 lit. f) DSGVO verarbeitet werden, haben betroffene Personen das Recht, gem. Art. 21 DSGVO Widerspruch gegen die Verarbeitung ihrer personenbezogenen Daten einzulegen, soweit daf\u00fcr Gr\u00fcnde vorliegen, die sich aus ihrer besonderen Situation ergeben oder sich der Widerspruch gegen Direktwerbung richtet. Im letzteren Fall haben betroffene Personen ein generelles Widerspruchsrecht, das ohne Angabe einer besonderen Situation von uns umgesetzt wird.<\/p>\n<h2>Widerruf<\/h2>\n<p>Einige Datenverarbeitungsvorg\u00e4nge sind nur mit Ihrer ausdr\u00fccklichen Einwilligung m\u00f6glich. Sie haben die M\u00f6glichkeit eine bereits erteilte Einwilligung jederzeit zu widerrufen. Dazu reicht eine formlose Mitteilung an infoinside@reutlingen-university.de per E-Mail an uns.<\/p>\n<p>Die Rechtm\u00e4\u00dfigkeit der bis zum Widerruf erfolgten Datenverarbeitung bleibt vom Widerruf unber\u00fchrt.<\/p>\n<h2>Externe Links<\/h2>\n<p>Auf unserer Webseite sind Links zu den Onlinenageboten anderer Anbieter zu finden. Wir weisen hiermit darauf hin, dass wir keinen Einfluss auf den Inhalt auf den verlinkten Onlineangeboten und die Einhaltung datenschutzrechtlicher Bestimmungen durch deren Anbieter haben.<\/p>\n<h2>\u00c4nderungen<\/h2>\n<p>Wir behalten uns vor, diese Datenschutzhinweise jederzeit bei \u00c4nderungen auf unserem Onlineangebot und unter Beachtung der geltenden Datenschutzvorschriften anzupassen, damit diese den rechtlichen Anforderungen entsprechen.<\/p>\n<p>&nbsp;<\/p>\n<p><strong>Diese Datenschutzerkl\u00e4rung wurde erstellt von der<\/strong><br \/>\n<strong> Deutschen Datenschutzkanzlei<\/strong><br \/>\n<strong> &#8211; Oberteuringen &#8211;<\/strong><\/p>","protected":false},"excerpt":{"rendered":"<p>Wir freuen uns \u00fcber Ihren Besuch auf unserer Webseite. Der Schutz Ihrer personenbezogenen Daten ist f\u00fcr uns sehr wichtig. Die [&hellip;]<\/p>\n","protected":false},"author":1,"featured_media":0,"parent":0,"menu_order":0,"comment_status":"closed","ping_status":"closed","template":"","meta":{"site-sidebar-layout":"default","site-content-layout":"","ast-site-content-layout":"default","site-content-style":"default","site-sidebar-style":"default","ast-global-header-display":"","ast-banner-title-visibility":"","ast-main-header-display":"","ast-hfb-above-header-display":"","ast-hfb-below-header-display":"","ast-hfb-mobile-header-display":"","site-post-title":"","ast-breadcrumbs-content":"","ast-featured-img":"","footer-sml-layout":"","ast-disable-related-posts":"","theme-transparent-header-meta":"","adv-header-id-meta":"","stick-header-meta":"","header-above-stick-meta":"","header-main-stick-meta":"","header-below-stick-meta":"","astra-migrate-meta-layouts":"default","ast-page-background-enabled":"default","ast-page-background-meta":{"desktop":{"background-color":"var(--ast-global-color-4)","background-image":"","background-repeat":"repeat","background-position":"center center","background-size":"auto","background-attachment":"scroll","background-type":"","background-media":"","overlay-type":"","overlay-color":"","overlay-opacity":"","overlay-gradient":""},"tablet":{"background-color":"","background-image":"","background-repeat":"repeat","background-position":"center center","background-size":"auto","background-attachment":"scroll","background-type":"","background-media":"","overlay-type":"","overlay-color":"","overlay-opacity":"","overlay-gradient":""},"mobile":{"background-color":"","background-image":"","background-repeat":"repeat","background-position":"center center","background-size":"auto","background-attachment":"scroll","background-type":"","background-media":"","overlay-type":"","overlay-color":"","overlay-opacity":"","overlay-gradient":""}},"ast-content-background-meta":{"desktop":{"background-color":"var(--ast-global-color-5)","background-image":"","background-repeat":"repeat","background-position":"center center","background-size":"auto","background-attachment":"scroll","background-type":"","background-media":"","overlay-type":"","overlay-color":"","overlay-opacity":"","overlay-gradient":""},"tablet":{"background-color":"var(--ast-global-color-5)","background-image":"","background-repeat":"repeat","background-position":"center center","background-size":"auto","background-attachment":"scroll","background-type":"","background-media":"","overlay-type":"","overlay-color":"","overlay-opacity":"","overlay-gradient":""},"mobile":{"background-color":"var(--ast-global-color-5)","background-image":"","background-repeat":"repeat","background-position":"center center","background-size":"auto","background-attachment":"scroll","background-type":"","background-media":"","overlay-type":"","overlay-color":"","overlay-opacity":"","overlay-gradient":""}},"ngg_post_thumbnail":0,"footnotes":""},"class_list":["post-1622","page","type-page","status-publish","hentry"],"_links":{"self":[{"href":"https:\/\/vrlab.reutlingen-university.de\/web\/de\/wp-json\/wp\/v2\/pages\/1622","targetHints":{"allow":["GET"]}}],"collection":[{"href":"https:\/\/vrlab.reutlingen-university.de\/web\/de\/wp-json\/wp\/v2\/pages"}],"about":[{"href":"https:\/\/vrlab.reutlingen-university.de\/web\/de\/wp-json\/wp\/v2\/types\/page"}],"author":[{"embeddable":true,"href":"https:\/\/vrlab.reutlingen-university.de\/web\/de\/wp-json\/wp\/v2\/users\/1"}],"replies":[{"embeddable":true,"href":"https:\/\/vrlab.reutlingen-university.de\/web\/de\/wp-json\/wp\/v2\/comments?post=1622"}],"version-history":[{"count":4,"href":"https:\/\/vrlab.reutlingen-university.de\/web\/de\/wp-json\/wp\/v2\/pages\/1622\/revisions"}],"predecessor-version":[{"id":1629,"href":"https:\/\/vrlab.reutlingen-university.de\/web\/de\/wp-json\/wp\/v2\/pages\/1622\/revisions\/1629"}],"wp:attachment":[{"href":"https:\/\/vrlab.reutlingen-university.de\/web\/de\/wp-json\/wp\/v2\/media?parent=1622"}],"curies":[{"name":"wp","href":"https:\/\/api.w.org\/{rel}","templated":true}]}}